{"id":81,"date":"2024-08-08T15:26:38","date_gmt":"2024-08-08T18:26:38","guid":{"rendered":"https:\/\/orgulhodeserpratense.com.br\/?page_id=81"},"modified":"2024-08-13T14:08:33","modified_gmt":"2024-08-13T17:08:33","slug":"home-2","status":"publish","type":"page","link":"https:\/\/orgulhodeserpratense.com.br\/","title":{"rendered":"Home"},"content":{"rendered":"\n<p><\/p>\n\n\n\n<div class=\"wp-block-uagb-container uagb-block-c18a856b alignfull uagb-is-root-container\"><div class=\"uagb-container-inner-blocks-wrap\">\n<div class=\"wp-block-uagb-container uagb-block-1acde687\">\n<div class=\"wp-block-uagb-image uagb-block-f091dcb3 wp-block-uagb-image--layout-default wp-block-uagb-image--effect-static wp-block-uagb-image--align-none\"><figure class=\"wp-block-uagb-image__figure\"><img decoding=\"async\" srcset=\"https:\/\/orgulhodeserpratense.com.br\/wp-content\/uploads\/2024\/08\/equipe-capa.png ,https:\/\/orgulhodeserpratense.com.br\/wp-content\/uploads\/2024\/08\/equipe-capa.png 780w, https:\/\/orgulhodeserpratense.com.br\/wp-content\/uploads\/2024\/08\/equipe-capa.png 360w\" sizes=\"auto, (max-width: 480px) 150px\" src=\"https:\/\/orgulhodeserpratense.com.br\/wp-content\/uploads\/2024\/08\/equipe-capa.png\" alt=\"\" class=\"uag-image-129\" width=\"770\" height=\"600\" title=\"equipe capa\" loading=\"lazy\" role=\"img\"\/><\/figure><\/div>\n<\/div>\n\n\n\n<div class=\"wp-block-uagb-container uagb-block-89d62af7\">\n<div class=\"wp-block-uagb-image uagb-block-5a237f78 wp-block-uagb-image--layout-default wp-block-uagb-image--effect-static wp-block-uagb-image--align-none\"><figure class=\"wp-block-uagb-image__figure\"><img decoding=\"async\" srcset=\"https:\/\/orgulhodeserpratense.com.br\/wp-content\/uploads\/2024\/08\/republicanos-aguasdaprata-logo.png ,https:\/\/orgulhodeserpratense.com.br\/wp-content\/uploads\/2024\/08\/republicanos-aguasdaprata-logo.png 780w, https:\/\/orgulhodeserpratense.com.br\/wp-content\/uploads\/2024\/08\/republicanos-aguasdaprata-logo.png 360w\" sizes=\"auto, (max-width: 480px) 150px\" src=\"https:\/\/orgulhodeserpratense.com.br\/wp-content\/uploads\/2024\/08\/republicanos-aguasdaprata-logo.png\" alt=\"\" class=\"uag-image-88\" width=\"593\" height=\"282\" title=\"republicanos aguasdaprata logo\" loading=\"lazy\" role=\"img\"\/><\/figure><\/div>\n<\/div>\n<\/div><\/div>\n\n\n\n<div class=\"wp-block-uagb-advanced-heading uagb-block-fad2923f\"><h2 class=\"uagb-heading-text\">Equipe Republicanos \u00c1guas da Prata<\/h2><p class=\"uagb-desc-text\">Rodrigo Gameiro, Dra. Laura Gameiro, Michel Zimber, Vanessa Mello e Guilherme Vieira<\/p><\/div>\n\n\n\n<div class=\"wp-block-uagb-container uagb-block-5c9cf316 alignfull uagb-is-root-container\"><div class=\"uagb-container-inner-blocks-wrap\">\n<div class=\"wp-block-uagb-container uagb-block-948d5100\">\n<div class=\"wp-block-uagb-image uagb-block-221eae83 wp-block-uagb-image--layout-default wp-block-uagb-image--effect-static wp-block-uagb-image--align-none\"><figure class=\"wp-block-uagb-image__figure\"><img decoding=\"async\" srcset=\"https:\/\/orgulhodeserpratense.com.br\/wp-content\/uploads\/2024\/08\/rodrigo-gameiro-1024x1024.png ,https:\/\/orgulhodeserpratense.com.br\/wp-content\/uploads\/2024\/08\/rodrigo-gameiro.png 780w, https:\/\/orgulhodeserpratense.com.br\/wp-content\/uploads\/2024\/08\/rodrigo-gameiro.png 360w\" sizes=\"auto, (max-width: 480px) 150px\" src=\"https:\/\/orgulhodeserpratense.com.br\/wp-content\/uploads\/2024\/08\/rodrigo-gameiro-1024x1024.png\" alt=\"rodrigo gameiro\n\u00e1guas da prata\" class=\"uag-image-59\" width=\"1024\" height=\"1024\" title=\"rodrigo gameiro\" loading=\"lazy\" role=\"img\"\/><\/figure><\/div>\n\n\n\n<div class=\"wp-block-uagb-image uagb-block-7fe4abee wp-block-uagb-image--layout-default wp-block-uagb-image--effect-static wp-block-uagb-image--align-none\"><figure class=\"wp-block-uagb-image__figure\"><img decoding=\"async\" srcset=\"https:\/\/orgulhodeserpratense.com.br\/wp-content\/uploads\/2024\/08\/dra-laura-gameiro-1024x1024.png ,https:\/\/orgulhodeserpratense.com.br\/wp-content\/uploads\/2024\/08\/dra-laura-gameiro.png 780w, https:\/\/orgulhodeserpratense.com.br\/wp-content\/uploads\/2024\/08\/dra-laura-gameiro.png 360w\" sizes=\"auto, (max-width: 480px) 150px\" src=\"https:\/\/orgulhodeserpratense.com.br\/wp-content\/uploads\/2024\/08\/dra-laura-gameiro-1024x1024.png\" alt=\"dra laura gameiro m\u00e9dica\" class=\"uag-image-60\" width=\"1024\" height=\"1024\" title=\"dra laura gameiro\" loading=\"lazy\" role=\"img\"\/><\/figure><\/div>\n<\/div>\n\n\n\n<div class=\"wp-block-uagb-container uagb-block-3b0506e0\">\n<div class=\"wp-block-uagb-info-box uagb-block-c9964b2c uagb-infobox__content-wrap  uagb-infobox-icon-above-title uagb-infobox-image-valign-top\"><div class=\"uagb-ifb-content\"><div class=\"uagb-ifb-title-wrap\"><h3 class=\"uagb-ifb-title\">Vamos resgatar o orgulho de ser Pratense?<\/h3><\/div><p class=\"uagb-ifb-desc\">N\u00f3s, os Republicanos de \u00c1guas da Prata\/SP, somos um movimento pol\u00edtico conservador, fundamentado nos valores crist\u00e3os, tendo a fam\u00edlia como alicerce da sociedade, preservando a soberania municipal, a livre iniciativa e a liberdade econ\u00f4mica, encorajando o progresso econ\u00f4mico como caminho inevit\u00e1vel para o desenvolvimento do bem-estar comum de nossa cidade.<br>Acreditamos que a ordem moral que se passa de gera\u00e7\u00e3o para gera\u00e7\u00e3o \u00e9 elementar para a sustenta\u00e7\u00e3o da vida social. O que manteve o ser humano vivo diante de terr\u00edveis eventos e dos desastres ao longo da hist\u00f3ria foi justamente a capacidade de harmonizar a rela\u00e7\u00e3o entre as pessoas e a transmiss\u00e3o das tradi\u00e7\u00f5es e dos bons costumes.<br>Defendemos o orgulho de ser pratense constru\u00eddo atrav\u00e9s de um forte senso de certo e errado, por convic\u00e7\u00f5es pessoais sobre justi\u00e7a e honra, pelo esfor\u00e7o do trabalho \u00e1rduo cujas conven\u00e7\u00f5es bem-sucedidas do passado nos permitiram chegar ao presente, e garantir\u00e3o, pela prud\u00eancia, um futuro aos nossos filhos.<\/p><\/div><\/div>\n<\/div>\n<\/div><\/div>\n\n\n\n<p><\/p>\n\n\n\n<div class=\"wp-block-uagb-container uagb-block-8a3f6ac9 alignfull uagb-is-root-container\"><div class=\"uagb-container-inner-blocks-wrap\">\n<div class=\"wp-block-uagb-container uagb-block-009e9814\">\n<div class=\"wp-block-uagb-info-box uagb-block-994ce4e8 uagb-infobox__content-wrap  uagb-infobox-icon-above-title uagb-infobox-image-valign-top\"><div class=\"uagb-ifb-content\"><div class=\"uagb-ifb-title-wrap\"><h3 class=\"uagb-ifb-title\">Rodrigo Gameiro<\/h3><\/div><p class=\"uagb-ifb-desc\">\u201cCria da cidade\u2026 Toda juventude vivida de maneira \u00fanica e repleta de amizades, dos mais vari\u00e1veis perfis de amigos e amigas.<br>Tive o privil\u00e9gio de ter sido alfabetizado e estudado no Tim\u00f3theo Silva do pr\u00e9 at\u00e9 o \u00faltimo ano do Ensino M\u00e9dio. Funcion\u00e1rios e professores que contribu\u00edram demais em minha forma\u00e7\u00e3o como cidad\u00e3o.<br>Pude curtir muito todos os pontos da cidade, principalmente o clube, o gin\u00e1sio poliesportivo, o camp\u00e3o de futebol, a Pra\u00e7a da Bandeira, entre tantos outros locais.<br>Nosso objetivo \u00e9 resgatar o orgulho de ser pratense a partir das quest\u00f5es b\u00e1sicas e vitais para a nossa cidade: Educa\u00e7\u00e3o e Sa\u00fade.\u201d<\/p><\/div><\/div>\n<\/div>\n\n\n\n<div class=\"wp-block-uagb-container uagb-block-5aff83b2\">\n<div class=\"wp-block-uagb-image uagb-block-a6ab9fac wp-block-uagb-image--layout-default wp-block-uagb-image--effect-static wp-block-uagb-image--align-none\"><figure class=\"wp-block-uagb-image__figure\"><img decoding=\"async\" srcset=\"https:\/\/orgulhodeserpratense.com.br\/wp-content\/uploads\/2024\/08\/rodrigo-gameirto-edt-1024x1024.png ,https:\/\/orgulhodeserpratense.com.br\/wp-content\/uploads\/2024\/08\/rodrigo-gameirto-edt.png 780w, https:\/\/orgulhodeserpratense.com.br\/wp-content\/uploads\/2024\/08\/rodrigo-gameirto-edt.png 360w\" sizes=\"auto, (max-width: 480px) 150px\" src=\"https:\/\/orgulhodeserpratense.com.br\/wp-content\/uploads\/2024\/08\/rodrigo-gameirto-edt-1024x1024.png\" alt=\"\" class=\"uag-image-125\" width=\"682\" height=\"1024\" title=\"rodrigo gameirto edt\" loading=\"lazy\" role=\"img\"\/><\/figure><\/div>\n\n\n\n<div class=\"wp-block-uagb-image uagb-block-3cf7042a wp-block-uagb-image--layout-default wp-block-uagb-image--effect-static wp-block-uagb-image--align-none\"><figure class=\"wp-block-uagb-image__figure\"><img decoding=\"async\" srcset=\"https:\/\/orgulhodeserpratense.com.br\/wp-content\/uploads\/2024\/08\/rodrigo-gameiro2.jpeg ,https:\/\/orgulhodeserpratense.com.br\/wp-content\/uploads\/2024\/08\/rodrigo-gameiro2.jpeg 780w, https:\/\/orgulhodeserpratense.com.br\/wp-content\/uploads\/2024\/08\/rodrigo-gameiro2.jpeg 360w\" sizes=\"auto, (max-width: 480px) 150px\" src=\"https:\/\/orgulhodeserpratense.com.br\/wp-content\/uploads\/2024\/08\/rodrigo-gameiro2.jpeg\" alt=\"\" class=\"uag-image-123\" width=\"1024\" height=\"682\" title=\"rodrigo gameiro2\" loading=\"lazy\" role=\"img\"\/><\/figure><\/div>\n<\/div>\n<\/div><\/div>\n\n\n\n<p><\/p>\n\n\n\n<div class=\"wp-block-uagb-container uagb-block-11d48858 alignfull uagb-is-root-container\"><div class=\"uagb-container-inner-blocks-wrap\">\n<div class=\"wp-block-uagb-container uagb-block-97393ccd\">\n<div class=\"wp-block-uagb-image uagb-block-5e7cb5fe wp-block-uagb-image--layout-default wp-block-uagb-image--effect-static wp-block-uagb-image--align-none\"><figure class=\"wp-block-uagb-image__figure\"><img decoding=\"async\" srcset=\"https:\/\/orgulhodeserpratense.com.br\/wp-content\/uploads\/2024\/08\/laura-gameiro2-1024x1024.jpeg ,https:\/\/orgulhodeserpratense.com.br\/wp-content\/uploads\/2024\/08\/laura-gameiro2.jpeg 780w, https:\/\/orgulhodeserpratense.com.br\/wp-content\/uploads\/2024\/08\/laura-gameiro2.jpeg 360w\" sizes=\"auto, (max-width: 480px) 150px\" src=\"https:\/\/orgulhodeserpratense.com.br\/wp-content\/uploads\/2024\/08\/laura-gameiro2-1024x1024.jpeg\" alt=\"\" class=\"uag-image-122\" width=\"1024\" height=\"1024\" title=\"laura gameiro2\" loading=\"lazy\" role=\"img\"\/><\/figure><\/div>\n\n\n\n<div class=\"wp-block-uagb-image uagb-block-568c281c wp-block-uagb-image--layout-default wp-block-uagb-image--effect-static wp-block-uagb-image--align-none\"><figure class=\"wp-block-uagb-image__figure\"><img decoding=\"async\" srcset=\"https:\/\/orgulhodeserpratense.com.br\/wp-content\/uploads\/2024\/08\/laura-gameirto-edt-1024x1024.png ,https:\/\/orgulhodeserpratense.com.br\/wp-content\/uploads\/2024\/08\/laura-gameirto-edt.png 780w, https:\/\/orgulhodeserpratense.com.br\/wp-content\/uploads\/2024\/08\/laura-gameirto-edt.png 360w\" sizes=\"auto, (max-width: 480px) 150px\" src=\"https:\/\/orgulhodeserpratense.com.br\/wp-content\/uploads\/2024\/08\/laura-gameirto-edt-1024x1024.png\" alt=\"\" class=\"uag-image-124\" width=\"1024\" height=\"1024\" title=\"laura gameirto edt\" loading=\"lazy\" role=\"img\"\/><\/figure><\/div>\n<\/div>\n\n\n\n<div class=\"wp-block-uagb-container uagb-block-87046007\">\n<div class=\"wp-block-uagb-info-box uagb-block-bc925ec5 uagb-infobox__content-wrap  uagb-infobox-icon-above-title uagb-infobox-image-valign-top\"><div class=\"uagb-ifb-content\"><div class=\"uagb-ifb-title-wrap\"><h3 class=\"uagb-ifb-title\">Dra. Laura Gameiro<\/h3><\/div><p class=\"uagb-ifb-desc\">Manauara de nascimento e carioca de cria\u00e7\u00e3o\u2026<br>Fui apresentada \u00e0 cidade por interm\u00e9dio do destino.<br>Destino este, conduzido pelo meu marido que me proporcionou viver e criar nosso filhos neste cen\u00e1rio inigual\u00e1vel!<br>M\u00e9dica formada em 2009, com especializa\u00e7\u00e3o em Clinica M\u00e9dica pelo Hospital Alem\u00e3o Oswaldo Cruz\/Sp, T\u00edtulo de Especialista em Cl\u00ednica M\u00e9dica, e especializa\u00e7\u00e3o em Cuidados Paliativos pelo Hospital Israelita Albert Einstein\/Sp. Liderei a linha de frente contra o COVID 19 em importantes hospitais de Sp, e me dediquei e servi como 2\u2022 Tenente M\u00e9dica Especialista na For\u00e7a A\u00e9rea Brasileira.<br>Como m\u00e9dica, como esposa, como m\u00e3e, e como mulher, posso afirmar que a nossa cidade tem totais condi\u00e7\u00f5es de oferecer o que h\u00e1 de melhor para nossos mun\u00edcipes.<br>S\u00f3 precisamos de um pouco de refinamento, organiza\u00e7\u00e3o, compet\u00eancia e for\u00e7a de vontade para lutar por tudo que deve ser feito.<br>E podem contar comigo, pois de certo, eu lutarei!<\/p><\/div><\/div>\n<\/div>\n<\/div><\/div>\n\n\n\n<div class=\"wp-block-uagb-container uagb-block-f576241b alignfull uagb-is-root-container\"><div class=\"uagb-container-inner-blocks-wrap\">\n<div class=\"wp-block-uagb-container uagb-block-29989707\">\n<div class=\"wp-block-uagb-info-box uagb-block-38443d58 uagb-infobox__content-wrap  uagb-infobox-icon-above-title uagb-infobox-image-valign-top\"><div class=\"uagb-ifb-content\"><div class=\"uagb-ifb-title-wrap\"><h3 class=\"uagb-ifb-title\">Michel Zimber<\/h3><\/div><p class=\"uagb-ifb-desc\">H\u00e1 mais de 2 d\u00e9cadas que moro por essas bandas e escolhi a Fonte Platina para me abrigar.<br>Um peda\u00e7o do c\u00e9u como qualquer bairro da cidade apesar de que h\u00e1 20 anos era um dos bairros onde faltava toda a infraestrutura b\u00e1sica como esgoto, ilumina\u00e7\u00e3o p\u00fablica, asfalto\u2026<br>A Associa\u00e7\u00e3o dos Amigos do Bairro Fonte Platina &#8211; da qual participava &#8211; com muito esfor\u00e7o, dedica\u00e7\u00e3o, presen\u00e7a constante nas sess\u00f5es da C\u00e2mara Municipal \u2013 sempre pressionava aqueles que t\u00eam como obriga\u00e7\u00e3o atender as solicita\u00e7\u00f5es do povo junto ao Executivo.<br>V\u00e1rias conquistas, por\u00e9m com muitas obriga\u00e7\u00f5es: \u00e0 \u00e9poca a fiscaliza\u00e7\u00e3o das empresas que ganharam licita\u00e7\u00f5es para implanta\u00e7\u00e3o das melhorias eram acompanhadas por n\u00f3s, cidad\u00e3os comuns. Afinal, o dinheiro vinha de nossos bolsos na forma de impostos.<br>Sou f\u00e3 de conselhos, grupos de amigos, da sociedade civil devidamente organizada\u2026 Pois \u00e9 a uni\u00e3o que faz a for\u00e7a!<\/p><\/div><\/div>\n<\/div>\n\n\n\n<div class=\"wp-block-uagb-container uagb-block-35903658\">\n<div class=\"wp-block-uagb-image uagb-block-7f79f6c9 wp-block-uagb-image--layout-default wp-block-uagb-image--effect-static wp-block-uagb-image--align-none\"><figure class=\"wp-block-uagb-image__figure\"><img decoding=\"async\" srcset=\"https:\/\/orgulhodeserpratense.com.br\/wp-content\/uploads\/2024\/08\/MICHEL-ZIMBER.jpeg ,https:\/\/orgulhodeserpratense.com.br\/wp-content\/uploads\/2024\/08\/MICHEL-ZIMBER.jpeg 780w, https:\/\/orgulhodeserpratense.com.br\/wp-content\/uploads\/2024\/08\/MICHEL-ZIMBER.jpeg 360w\" sizes=\"auto, (max-width: 480px) 150px\" src=\"https:\/\/orgulhodeserpratense.com.br\/wp-content\/uploads\/2024\/08\/MICHEL-ZIMBER.jpeg\" alt=\"\" class=\"uag-image-121\" width=\"682\" height=\"1024\" title=\"MICHEL ZIMBER\" loading=\"lazy\" role=\"img\"\/><\/figure><\/div>\n\n\n\n<div class=\"wp-block-uagb-image uagb-block-2ef3c104 wp-block-uagb-image--layout-default wp-block-uagb-image--effect-static wp-block-uagb-image--align-none\"><figure class=\"wp-block-uagb-image__figure\"><\/figure><\/div>\n<\/div>\n<\/div><\/div>\n\n\n\n<p><\/p>\n","protected":false},"excerpt":{"rendered":"<p>Equipe Republicanos \u00c1guas da Prata Rodrigo Gameiro, Dra. Laura Gameiro, Michel Zimber, Vanessa Mello e Guilherme Vieira<\/p>\n","protected":false},"author":1,"featured_media":0,"parent":0,"menu_order":0,"comment_status":"closed","ping_status":"closed","template":"","meta":{"_uag_custom_page_level_css":"","site-sidebar-layout":"no-sidebar","site-content-layout":"plain-container","ast-site-content-layout":"","site-content-style":"default","site-sidebar-style":"default","ast-global-header-display":"","ast-banner-title-visibility":"","ast-main-header-display":"","ast-hfb-above-header-display":"","ast-hfb-below-header-display":"","ast-hfb-mobile-header-display":"","site-post-title":"disabled","ast-breadcrumbs-content":"","ast-featured-img":"","footer-sml-layout":"","theme-transparent-header-meta":"enabled","adv-header-id-meta":"","stick-header-meta":"","header-above-stick-meta":"","header-main-stick-meta":"","header-below-stick-meta":"","astra-migrate-meta-layouts":"default","ast-page-background-enabled":"default","ast-page-background-meta":{"desktop":{"background-color":"var(--ast-global-color-4)","background-image":"","background-repeat":"repeat","background-position":"center center","background-size":"auto","background-attachment":"scroll","background-type":"","background-media":"","overlay-type":"","overlay-color":"","overlay-opacity":"","overlay-gradient":""},"tablet":{"background-color":"","background-image":"","background-repeat":"repeat","background-position":"center center","background-size":"auto","background-attachment":"scroll","background-type":"","background-media":"","overlay-type":"","overlay-color":"","overlay-opacity":"","overlay-gradient":""},"mobile":{"background-color":"","background-image":"","background-repeat":"repeat","background-position":"center center","background-size":"auto","background-attachment":"scroll","background-type":"","background-media":"","overlay-type":"","overlay-color":"","overlay-opacity":"","overlay-gradient":""}},"ast-content-background-meta":{"desktop":{"background-color":"var(--ast-global-color-5)","background-image":"","background-repeat":"repeat","background-position":"center center","background-size":"auto","background-attachment":"scroll","background-type":"","background-media":"","overlay-type":"","overlay-color":"","overlay-opacity":"","overlay-gradient":""},"tablet":{"background-color":"var(--ast-global-color-5)","background-image":"","background-repeat":"repeat","background-position":"center center","background-size":"auto","background-attachment":"scroll","background-type":"","background-media":"","overlay-type":"","overlay-color":"","overlay-opacity":"","overlay-gradient":""},"mobile":{"background-color":"var(--ast-global-color-5)","background-image":"","background-repeat":"repeat","background-position":"center center","background-size":"auto","background-attachment":"scroll","background-type":"","background-media":"","overlay-type":"","overlay-color":"","overlay-opacity":"","overlay-gradient":""}},"footnotes":""},"class_list":["post-81","page","type-page","status-publish","hentry"],"uagb_featured_image_src":{"full":false,"thumbnail":false,"medium":false,"medium_large":false,"large":false,"1536x1536":false,"2048x2048":false},"uagb_author_info":{"display_name":"pratense","author_link":"https:\/\/orgulhodeserpratense.com.br\/index.php\/author\/pratense\/"},"uagb_comment_info":0,"uagb_excerpt":"Equipe Republicanos \u00c1guas da Prata Rodrigo Gameiro, Dra. Laura Gameiro, Michel Zimber, Vanessa Mello e Guilherme Vieira","_links":{"self":[{"href":"https:\/\/orgulhodeserpratense.com.br\/index.php\/wp-json\/wp\/v2\/pages\/81","targetHints":{"allow":["GET"]}}],"collection":[{"href":"https:\/\/orgulhodeserpratense.com.br\/index.php\/wp-json\/wp\/v2\/pages"}],"about":[{"href":"https:\/\/orgulhodeserpratense.com.br\/index.php\/wp-json\/wp\/v2\/types\/page"}],"author":[{"embeddable":true,"href":"https:\/\/orgulhodeserpratense.com.br\/index.php\/wp-json\/wp\/v2\/users\/1"}],"replies":[{"embeddable":true,"href":"https:\/\/orgulhodeserpratense.com.br\/index.php\/wp-json\/wp\/v2\/comments?post=81"}],"version-history":[{"count":11,"href":"https:\/\/orgulhodeserpratense.com.br\/index.php\/wp-json\/wp\/v2\/pages\/81\/revisions"}],"predecessor-version":[{"id":132,"href":"https:\/\/orgulhodeserpratense.com.br\/index.php\/wp-json\/wp\/v2\/pages\/81\/revisions\/132"}],"wp:attachment":[{"href":"https:\/\/orgulhodeserpratense.com.br\/index.php\/wp-json\/wp\/v2\/media?parent=81"}],"curies":[{"name":"wp","href":"https:\/\/api.w.org\/{rel}","templated":true}]}}